{"id":1370,"date":"2014-02-04T23:53:25","date_gmt":"2014-02-04T22:53:25","guid":{"rendered":"http:\/\/www.vipverbano.it\/?page_id=1370"},"modified":"2014-03-14T00:11:24","modified_gmt":"2014-03-13T23:11:24","slug":"1370-2","status":"publish","type":"page","link":"https:\/\/www.vipverbano.it\/?page_id=1370","title":{"rendered":"FAQ"},"content":{"rendered":"<p>[collapse id=&#8221;collapse_97&#8243;]<br class=\"nc\" \/>[citem title=&#8221;1. Perch\u00e9 \u00e8 necessario fare un colloquio attitudinale per accedere al Corso per Clown Sociale VIP?&#8221; id=&#8221;citem_4&#8243; parent=&#8221;collapse_97&#8243;]<br class=\"nc\" \/>Il volontario &#8220;clown sociale&#8221; \u00e8 chi offre il proprio tempo &#8220;liberato&#8221; a favore di chi sta vivendo un disagio, utilizzando le tecniche della clownterapia e circensi per rallegrare, portare speranza e diffondere la positivit\u00e0 in chi soffre nel corpo, nella mente o nello spirito. Il volontariato come clown sociale richiede professionalit\u00e0 e alcune attitudini particolari: capacit\u00e0 di mettersi in gioco, superamento di imbarazzi e timidezze, acquisizione di tecniche circensi. Il tutto deve per\u00f2 accompagnarsi ad un impegno costante nel servizio e alla partecipazione agli allenamenti formativi che l&#8217;Associazione offre al volontario mensilmente.<br \/>\nSe il clown sociale svolge servizi in ospedale \u00e8 bene sapere che con ogni ospedale VIP ha firmato una convenzione con la quale ci impegniamo a prestare servizio settimanalmente, questo impegno ricade, naturalmente, sul volontario, al quale viene richiesto per questo tipo di attivit\u00e0 un impegno costante di 2 turni al mese (sabato o domenica).<br class=\"nc\" \/>[\/citem]<br class=\"nc\" \/>[citem title=&#8221;2. Se passo il colloquio attitudinale che succede?&#8221; id=&#8221;citem_43&#8243; parent=&#8221;collapse_97&#8243;]<br class=\"nc\" \/>Ti viene inviata una mail di conferma e hai tempo una settimana per eseguire il versamento della quota per confermare la tua presenza al corso.<br class=\"nc\" \/>[\/citem]<br class=\"nc\" \/>[citem title=&#8221;3. Se non passo il colloquio attitudinale che succede?&#8221; id=&#8221;citem_15&#8243; parent=&#8221;collapse_97&#8243;]<br class=\"nc\" \/>Puoi scegliere di sostenere la nostra associazione diventando Socio Sostenitore.<br class=\"nc\" \/>[\/citem]<br class=\"nc\" \/>[citem title=&#8221;4. Perch\u00e9 \u00e8 necessario fare un Corso per fare il clown sociale?&#8221; id=&#8221;citem_94&#8243; parent=&#8221;collapse_97&#8243;]<\/p>\n<p>Il Volontariato-Clown richiede alcune conoscenze artistiche di base e una predisposizione al riso e all&#8217;allegria, il clown-volontario offre un mini spettacolo circense al suo pubblico e interagisce con i degenti, personale, visitatori creando insieme a loro un momento di evasione divertente.<br \/>\nIl primo passo per agire e imparare a coordinare l&#8217;attivit\u00e0 di clown sociale \u00e8 frequentare un Corso di Formazione dove si possono acquisire alcune tecniche di clown, mimo, di improvvisazione, comunicazione verbale e non verbale, gags, favolistica, ecc.<\/p>\n<p>Il Corso Base permette anche di imparare a relazionarsi serenamente con persone costrette a soggiornare in ambienti dove regna la sofferenza, portando gioia, allegria, senza &#8220;strafare&#8221; e soprattutto divertendosi a portare divertimento. In VIP Italia la formazione di tutti i volontari \u00e8 affidata alla Associazione VIP APS che \u00e8 diretta dagli stessi fondatori di VIP, per garantire una formazione seria, uniforme sul territorio italiano e, cosa che riteniamo basilare, in linea con i valori e i principi sui quali VIP poggia.<br class=\"nc\" \/>[\/citem]<br class=\"nc\" \/>[citem title=&#8221;5. Perch\u00e9 bisogna pagare un corso per volontari?&#8221; id=&#8221;citem_96&#8243; parent=&#8221;collapse_97&#8243;]<\/p>\n<p>Il corso di formazione \u00e8 condotto da professionisti e la quota che paghi non riguarda solo il Corso base ma tutta la formazione che riceverai in un anno in incontri mensili e bimensili presso l\u2019Associazione per la quale presterai servizio.<br \/>\nIl Corso di formazione base per Clown Sociale non \u00e8 un corso utile solo a volontari, ma a chiunque desidera avvicinarsi alla Clownterapia.<\/p>\n<p>Il Corso Base VIP \u00e8 tenuto da docenti professionisti.<br \/>\nLa quota del Corso Base include: la tessera associativa (scadenza a dicembre dell&#8217;anno in corso); l&#8217;assicurazione obbligatoria; il Corso Base stesso; la formazione annuale; il tirocinio assistito da volontari esperti.<br class=\"nc\" \/>[\/citem]<br class=\"nc\" \/>[citem title=&#8221;6. Ma un&#8217;associazione <em>no profit<\/em> non dovrebbe dare servizi gratuiti?&#8221; id=&#8221;citem_25&#8243; parent=&#8221;collapse_97&#8243;]<\/p>\n<p>Quello tra &#8220;no profit&#8221; e &#8220;denaro&#8221; pu\u00f2, di primo acchito, sembrare un contrasto. Pensando all&#8217;idea di &#8220;no profit&#8221; (senza scopo di lucro) si pu\u00f2 erroneamente pensare che ci\u00f2 che \u00e8 &#8220;no profit&#8221; non debba avere relazione con la circolazione di denaro o che in un ente no profit tutto (lavoro, servizi, beni) debba essere dato e ricevuto in forma gratuita.<br \/>\nApprofittiamo per cercare di chiarire questo apparente contrasto.<br \/>\nLa dicitura &#8220;associazione no profit&#8221; (senza scopo di lucro) non significa che nell&#8217;associazione il denaro debba essere bandito e nemmeno che i soci dell&#8217;associazione debbano operare come volontari.<br \/>\nLa dicitura &#8220;no profit&#8221; \u00e8 implicita nella definizione di una associazione che deve avere come fine il raggiungimento di un beneficio collettivo (non economico) e si contrappone a quella di &#8220;societ\u00e0 commerciale&#8221;, che prevede come finalit\u00e0 essenziale &#8220;l&#8217;esercizio di un&#8217;attivit\u00e0 economica allo scopo di dividerne gli utili&#8221;. Nel Codice Civile si possono trovare degli approfondimenti (Google pu\u00f2 dare delle indicazioni, e anche Wikypedia).<\/p>\n<p>Un&#8217;associazione (come una normale societ\u00e0) avr\u00e0 delle uscite monetarie fisse o dipendenti dalle attivit\u00e0 svolte (spese, costi di gestione, paghe, ecc.) e necessiter\u00e0 di avere delle entrate (da tessere associative, offerte, incassi commerciali, raccolte fondi, ecc.): quello che avanza \u00e8 detto &#8220;utile&#8221;. La differenza fondamentale tra &#8220;profit&#8221; e &#8220;no profit&#8221; sta nel modo in cui viene gestito questo utile: in una societ\u00e0 commerciale l&#8217;utile viene ridistribuito ai soci\/azionisti mentre nelle associazioni no profit questo non pu\u00f2 essere fatto (CC art 2247); l&#8217;utile deve essere reinvestito a favore degli scopi che l&#8217;associazione stessa persegue.<br class=\"nc\" \/>[\/citem]<br class=\"nc\" \/>[citem title=&#8221;7. Dopo il corso di Formazione base posso effettuare servizio dove?&#8221; id=&#8221;citem_32&#8243; parent=&#8221;collapse_97&#8243;]<br class=\"nc\" \/>Dopo altre ore di allenamento formativo potrai iniziare il tirocinio in ospedale accompagnato da volontari formati ed esperti dell\u2019Associazione. Ti occorreranno circa un centinaio di ore di formazione e di tirocinio (circa 1 anno dopo il corso base) per essere in grado di offrire un servizio in ospedale senza l&#8217;accompagnamento di un &#8220;volontario anziano&#8221;.<br class=\"nc\" \/>[\/citem]<br class=\"nc\" \/>[citem title=&#8221;8. Cosa succede se finisco il corso base o inizio il tirocinio e poi mi accorgo che non voglio pi\u00f9 fare servizio in ospedale?&#8221; id=&#8221;citem_44&#8243; parent=&#8221;collapse_97&#8243;]<br class=\"nc\" \/>Se non ti senti di affrontare i servizi come clown di Corsia, puoi diventare Socio Sostenitore (vedi domanda n. 3). Devi per\u00f2 comunicarlo al Direttivo dell&#8217;Associazione.<br class=\"nc\" \/>[\/citem]<br class=\"nc\" \/>[citem title=&#8221;9. Si riesce a capire quando chi soffre un disagio vuole l&#8217;umorismo o quando la gente rifiuta l&#8217;umorismo, quando l&#8217;umorismo \u00e8 la carta giusta?&#8221; id=&#8221;citem_66&#8243; parent=&#8221;collapse_97&#8243;]<br class=\"nc\" \/>Crediamo che innanzitutto sia importante sviluppare amore per tutti gli esseri umani e che non ci sia un confine con l&#8217;umorismo, un limite, non pensiamo che ci sia un momento in cui l&#8217;umorismo non vada pi\u00f9 bene. L&#8217;amore, l&#8217;umorismo \u00e8 qualcosa che deve essere portato in tutti i contesti umani. Non si d\u00e0 amore e umorismo per ottenere una reazione.<br class=\"nc\" \/>[\/citem]<br class=\"nc\" \/>[citem title=&#8221;10. Come ci si veste in servizio?&#8221; id=&#8221;citem_31&#8243; parent=&#8221;collapse_97&#8243;]<\/p>\n<p>L&#8217;abbigliamento dei Clown Vip consiste in un camice bianco specifico della nostra associazione dipinto a colori vivaci e personalizzato con disegni particolari attinenti al nome del clown stesso. Al camice si aggiungono vari &#8220;attrezzi&#8221; (ciucci, papillon grandissimi, parrucche, cravatte sgargianti, pantaloni larghi e colorati, naso rosso, stetoscopio finto, pettini giganti, burattini\u2026).<\/p>\n<p>Sul camice si appunta la spilla PASS dell\u2019Associazione indicante nome, cognome e nome clown del Volontario.<br class=\"nc\" \/>[\/citem]<br class=\"nc\" \/>[citem title=&#8221;11. Il Clown si trucca?&#8221; id=&#8221;citem_35&#8243; parent=&#8221;collapse_97&#8243;]<br class=\"nc\" \/>I Clown Vip non si truccano tanto. Abbiamo notato che i bambini si spaventano a vedere un trucco troppo marcato, ragion per cui il clown Vip si limita ad un trucco molto leggero (naso rosso applicato o dipinto, lentiggini, rossetto sulle guance, poco bianco intorno a bocca e occhi.<br class=\"nc\" \/>[\/citem]<br class=\"nc\" \/>[citem title=&#8221;12. Vi sono delle attitudini particolari per fare i volontari clown sociali?&#8221; id=&#8221;citem_57&#8243; parent=&#8221;collapse_97&#8243;]<br class=\"nc\" \/>Le attitudini base richieste sono: spirito dell&#8217;umorismo, voglia di aprirsi, capacit\u00e0 creativa e\/o artistica, volont\u00e0 di mettersi in gioco. Il corso non risolve patologie quali la depressione ed \u00e8 indirizzato a preparare il futuro volontario a offrire un servizio. Durante il corso vi sono molte attivit\u00e0 fisiche, \u00e8 quindi necessario godere di buona salute.<br class=\"nc\" \/>[\/citem]<br class=\"nc\" \/>[citem title=&#8221;13. Il volontariato clown sociale in Ospedale quanto tempo impegna?&#8221; id=&#8221;citem_38&#8243; parent=&#8221;collapse_97&#8243;]<br class=\"nc\" \/>Vip richiede l&#8217;impegno di due turni in ospedale al mese (sabato o domenica di circa 3 ore cadauno) pi\u00f9 incontri mensili per la formazione.<br class=\"nc\" \/>[\/citem]<br class=\"nc\" \/>[citem title=&#8221;14. Cosa imparo nel corso base?&#8221; id=&#8221;citem_60&#8243; parent=&#8221;collapse_97&#8243;]<br class=\"nc\" \/>Nel corso si impara a relazionarsi in gruppo; a conoscersi meglio e a sviluppare l&#8217;autostima; a comunicare con facilit\u00e0 apprezzando negli altri le qualit\u00e0 e minimizzando i difetti; a esporsi artisticamente attraverso l&#8217;improvvisazione, la capacit\u00e0 di ridere e far ridere; a truccarsi e a crearsi un personaggio clown e anche come ci si comporta in ospedale, l&#8217;igiene in ospedale e la psicologia del malato.<br class=\"nc\" \/>[\/citem]<br class=\"nc\" \/>[\/collapse]<\/p>\n","protected":false},"excerpt":{"rendered":"<p>[collapse id=&#8221;collapse_97&#8243;][citem title=&#8221;1. Perch\u00e9 \u00e8 necessario fare un colloquio attitudinale per accedere al Corso per Clown Sociale VIP?&#8221; id=&#8221;citem_4&#8243; parent=&#8221;collapse_97&#8243;]Il volontario &#8220;clown sociale&#8221; \u00e8 chi offre il proprio tempo &#8220;liberato&#8221; a favore di chi sta vivendo un disagio, utilizzando le tecniche della clownterapia e circensi per rallegrare, portare speranza e diffondere la positivit\u00e0 in chi<\/p>\n","protected":false},"author":1,"featured_media":0,"parent":33,"menu_order":0,"comment_status":"closed","ping_status":"closed","template":"","meta":{"ngg_post_thumbnail":0,"footnotes":""},"class_list":["post-1370","page","type-page","status-publish","hentry"],"yoast_head":"<!-- This site is optimized with the Yoast SEO plugin v25.6 - https:\/\/yoast.com\/wordpress\/plugins\/seo\/ -->\n<title>FAQ - VIP Verbano<\/title>\n<meta name=\"robots\" content=\"index, follow, max-snippet:-1, max-image-preview:large, max-video-preview:-1\" \/>\n<link rel=\"canonical\" href=\"https:\/\/www.vipverbano.it\/?page_id=1370\" \/>\n<meta property=\"og:locale\" content=\"it_IT\" \/>\n<meta property=\"og:type\" content=\"article\" \/>\n<meta property=\"og:title\" content=\"FAQ - VIP Verbano\" \/>\n<meta property=\"og:description\" content=\"[collapse id=&#8221;collapse_97&#8243;][citem title=&#8221;1. Perch\u00e9 \u00e8 necessario fare un colloquio attitudinale per accedere al Corso per Clown Sociale VIP?&#8221; id=&#8221;citem_4&#8243; parent=&#8221;collapse_97&#8243;]Il volontario &#8220;clown sociale&#8221; \u00e8 chi offre il proprio tempo &#8220;liberato&#8221; a favore di chi sta vivendo un disagio, utilizzando le tecniche della clownterapia e circensi per rallegrare, portare speranza e diffondere la positivit\u00e0 in chi\" \/>\n<meta property=\"og:url\" content=\"https:\/\/www.vipverbano.it\/?page_id=1370\" \/>\n<meta property=\"og:site_name\" content=\"VIP Verbano\" \/>\n<meta property=\"article:modified_time\" content=\"2014-03-13T23:11:24+00:00\" \/>\n<meta name=\"twitter:label1\" content=\"Tempo di lettura stimato\" \/>\n\t<meta name=\"twitter:data1\" content=\"7 minuti\" \/>\n<script type=\"application\/ld+json\" class=\"yoast-schema-graph\">{\"@context\":\"https:\/\/schema.org\",\"@graph\":[{\"@type\":\"WebPage\",\"@id\":\"https:\/\/www.vipverbano.it\/?page_id=1370\",\"url\":\"https:\/\/www.vipverbano.it\/?page_id=1370\",\"name\":\"FAQ - VIP Verbano\",\"isPartOf\":{\"@id\":\"https:\/\/www.vipverbano.it\/#website\"},\"datePublished\":\"2014-02-04T22:53:25+00:00\",\"dateModified\":\"2014-03-13T23:11:24+00:00\",\"breadcrumb\":{\"@id\":\"https:\/\/www.vipverbano.it\/?page_id=1370#breadcrumb\"},\"inLanguage\":\"it-IT\",\"potentialAction\":[{\"@type\":\"ReadAction\",\"target\":[\"https:\/\/www.vipverbano.it\/?page_id=1370\"]}]},{\"@type\":\"BreadcrumbList\",\"@id\":\"https:\/\/www.vipverbano.it\/?page_id=1370#breadcrumb\",\"itemListElement\":[{\"@type\":\"ListItem\",\"position\":1,\"name\":\"Home\",\"item\":\"https:\/\/www.vipverbano.it\/\"},{\"@type\":\"ListItem\",\"position\":2,\"name\":\"IL CORSO BASE\",\"item\":\"https:\/\/www.vipverbano.it\/?page_id=33\"},{\"@type\":\"ListItem\",\"position\":3,\"name\":\"FAQ\"}]},{\"@type\":\"WebSite\",\"@id\":\"https:\/\/www.vipverbano.it\/#website\",\"url\":\"https:\/\/www.vipverbano.it\/\",\"name\":\"VIP Verbano\",\"description\":\"chi non sa ridere non \u00e8 una persona seria\",\"potentialAction\":[{\"@type\":\"SearchAction\",\"target\":{\"@type\":\"EntryPoint\",\"urlTemplate\":\"https:\/\/www.vipverbano.it\/?s={search_term_string}\"},\"query-input\":{\"@type\":\"PropertyValueSpecification\",\"valueRequired\":true,\"valueName\":\"search_term_string\"}}],\"inLanguage\":\"it-IT\"}]}<\/script>\n<!-- \/ Yoast SEO plugin. -->","yoast_head_json":{"title":"FAQ - VIP Verbano","robots":{"index":"index","follow":"follow","max-snippet":"max-snippet:-1","max-image-preview":"max-image-preview:large","max-video-preview":"max-video-preview:-1"},"canonical":"https:\/\/www.vipverbano.it\/?page_id=1370","og_locale":"it_IT","og_type":"article","og_title":"FAQ - VIP Verbano","og_description":"[collapse id=&#8221;collapse_97&#8243;][citem title=&#8221;1. Perch\u00e9 \u00e8 necessario fare un colloquio attitudinale per accedere al Corso per Clown Sociale VIP?&#8221; id=&#8221;citem_4&#8243; parent=&#8221;collapse_97&#8243;]Il volontario &#8220;clown sociale&#8221; \u00e8 chi offre il proprio tempo &#8220;liberato&#8221; a favore di chi sta vivendo un disagio, utilizzando le tecniche della clownterapia e circensi per rallegrare, portare speranza e diffondere la positivit\u00e0 in chi","og_url":"https:\/\/www.vipverbano.it\/?page_id=1370","og_site_name":"VIP Verbano","article_modified_time":"2014-03-13T23:11:24+00:00","twitter_misc":{"Tempo di lettura stimato":"7 minuti"},"schema":{"@context":"https:\/\/schema.org","@graph":[{"@type":"WebPage","@id":"https:\/\/www.vipverbano.it\/?page_id=1370","url":"https:\/\/www.vipverbano.it\/?page_id=1370","name":"FAQ - VIP Verbano","isPartOf":{"@id":"https:\/\/www.vipverbano.it\/#website"},"datePublished":"2014-02-04T22:53:25+00:00","dateModified":"2014-03-13T23:11:24+00:00","breadcrumb":{"@id":"https:\/\/www.vipverbano.it\/?page_id=1370#breadcrumb"},"inLanguage":"it-IT","potentialAction":[{"@type":"ReadAction","target":["https:\/\/www.vipverbano.it\/?page_id=1370"]}]},{"@type":"BreadcrumbList","@id":"https:\/\/www.vipverbano.it\/?page_id=1370#breadcrumb","itemListElement":[{"@type":"ListItem","position":1,"name":"Home","item":"https:\/\/www.vipverbano.it\/"},{"@type":"ListItem","position":2,"name":"IL CORSO BASE","item":"https:\/\/www.vipverbano.it\/?page_id=33"},{"@type":"ListItem","position":3,"name":"FAQ"}]},{"@type":"WebSite","@id":"https:\/\/www.vipverbano.it\/#website","url":"https:\/\/www.vipverbano.it\/","name":"VIP Verbano","description":"chi non sa ridere non \u00e8 una persona seria","potentialAction":[{"@type":"SearchAction","target":{"@type":"EntryPoint","urlTemplate":"https:\/\/www.vipverbano.it\/?s={search_term_string}"},"query-input":{"@type":"PropertyValueSpecification","valueRequired":true,"valueName":"search_term_string"}}],"inLanguage":"it-IT"}]}},"_links":{"self":[{"href":"https:\/\/www.vipverbano.it\/index.php?rest_route=\/wp\/v2\/pages\/1370"}],"collection":[{"href":"https:\/\/www.vipverbano.it\/index.php?rest_route=\/wp\/v2\/pages"}],"about":[{"href":"https:\/\/www.vipverbano.it\/index.php?rest_route=\/wp\/v2\/types\/page"}],"author":[{"embeddable":true,"href":"https:\/\/www.vipverbano.it\/index.php?rest_route=\/wp\/v2\/users\/1"}],"replies":[{"embeddable":true,"href":"https:\/\/www.vipverbano.it\/index.php?rest_route=%2Fwp%2Fv2%2Fcomments&post=1370"}],"version-history":[{"count":12,"href":"https:\/\/www.vipverbano.it\/index.php?rest_route=\/wp\/v2\/pages\/1370\/revisions"}],"predecessor-version":[{"id":1502,"href":"https:\/\/www.vipverbano.it\/index.php?rest_route=\/wp\/v2\/pages\/1370\/revisions\/1502"}],"up":[{"embeddable":true,"href":"https:\/\/www.vipverbano.it\/index.php?rest_route=\/wp\/v2\/pages\/33"}],"wp:attachment":[{"href":"https:\/\/www.vipverbano.it\/index.php?rest_route=%2Fwp%2Fv2%2Fmedia&parent=1370"}],"curies":[{"name":"wp","href":"https:\/\/api.w.org\/{rel}","templated":true}]}}