{"id":56,"date":"2014-01-26T19:32:34","date_gmt":"2014-01-26T18:32:34","guid":{"rendered":"http:\/\/www.vipverbano.it\/?page_id=56"},"modified":"2014-03-13T23:55:44","modified_gmt":"2014-03-13T22:55:44","slug":"valori-vip","status":"publish","type":"page","link":"https:\/\/www.vipverbano.it\/?page_id=56","title":{"rendered":"VALORI VIP"},"content":{"rendered":"<p>Vogliamo qui definire quali sono i valori che noi, volontari e operatori Vip, riconosciamo e siamo impegnati a perseguire, sostenere e diffondere con il nostro servizio.<\/p>\n<table width=\"721\" border=\"0\" cellspacing=\"5\" cellpadding=\"5\">\n<tbody>\n<tr>\n<td>\n<h3 style=\"text-align: right;\"><span style=\"color: #f17103;\"><b>ViviamoInPositivo<\/b><\/span><\/h3>\n<\/td>\n<\/tr>\n<\/tbody>\n<\/table>\n<p><a href=\"https:\/\/www.vipverbano.it\/wp-content\/uploads\/2014\/02\/vip.png\"><img loading=\"lazy\" decoding=\"async\" class=\"alignleft  wp-image-1352\" alt=\"vip\" src=\"https:\/\/www.vipverbano.it\/wp-content\/uploads\/2014\/02\/vip.png\" width=\"217\" height=\"263\" \/><\/a><\/p>\n<p style=\"text-align: justify;\">Affrontare insieme la vita accettandola in ogni suo aspetto. ViviamoInPositivo vuol dire apprendere, realizzare in noi e portare ad altri quanto pu\u00f2 aiutare a vivere meglio.<\/p>\n<table border=\"0\" cellspacing=\"5\" cellpadding=\"5\">\n<tbody>\n<tr>\n<td>\n<h3 style=\"text-align: justify;\"><span style=\"color: #27dd28;\"><b>Uniti per crescere (e ridere) insieme<\/b><\/span><\/h3>\n<\/td>\n<\/tr>\n<\/tbody>\n<\/table>\n<p style=\"text-align: justify;\"><a href=\"https:\/\/www.vipverbano.it\/wp-content\/uploads\/2014\/02\/uniti3.png\"><img loading=\"lazy\" decoding=\"async\" class=\"size-medium wp-image-1350 alignright\" alt=\"uniti3\" src=\"https:\/\/www.vipverbano.it\/wp-content\/uploads\/2014\/02\/uniti3-300x178.png\" width=\"300\" height=\"178\" srcset=\"https:\/\/www.vipverbano.it\/wp-content\/uploads\/2014\/02\/uniti3-300x178.png 300w, https:\/\/www.vipverbano.it\/wp-content\/uploads\/2014\/02\/uniti3.png 337w\" sizes=\"(max-width: 300px) 100vw, 300px\" \/><\/a>Solo insieme e uniti ci si pu\u00f2 confrontare, specchiare negli altri, si impara ad accettare e si \u00e8 accettati. Un gruppo unito dallo scopo comune di crescere positivamente rappresenta un meraviglioso contenitore dove i talenti, le qualit\u00e0 e le esperienze di ciascuno possono fondersi e divenire alimento per l\u2019evoluzione di tutti. Riconosciamo nel nostro motto gli ideali di Fratellanza, Unione e Solidariet\u00e0 che sono alla base della nostra motivazione.<\/p>\n<table width=\"730\" border=\"0\" cellspacing=\"5\" cellpadding=\"5\">\n<tbody>\n<tr>\n<td>\n<h3 style=\"text-align: right;\"><span style=\"color: #4cebfe;\"><b>Lo spirito clown<\/b><\/span><\/h3>\n<\/td>\n<\/tr>\n<\/tbody>\n<\/table>\n<p><a href=\"https:\/\/www.vipverbano.it\/wp-content\/uploads\/2014\/02\/bambinointeriore2.png\"><img loading=\"lazy\" decoding=\"async\" class=\"alignleft size-medium wp-image-1347\" style=\"margin: 10px;\" alt=\"bambinointeriore2\" src=\"https:\/\/www.vipverbano.it\/wp-content\/uploads\/2014\/02\/bambinointeriore2-162x300.png\" width=\"162\" height=\"300\" \/><\/a><\/p>\n<p style=\"text-align: justify;\" align=\"right\">Riscoprire il bambino interiore, sviluppare la fantasia, la creativit\u00e0, la capacit\u00e0 di vedere il positivo delle cose, la gioia, l\u2019armonia, l\u2019apertura, l\u2019accettazione e altre emozioni positive. Sono queste le qualit\u00e0 che ci permettono di diventare \u201cportatori di gioia\u201d, che rendono capaci di trasformare l\u2019atmosfera dei luoghi in cui c&#8217;\u00e8 disagio e di stimolare nelle altre persone gli stessi sentimenti che ci animano.<\/p>\n<table width=\"730\" border=\"0\" cellspacing=\"5\" cellpadding=\"5\">\n<tbody>\n<tr>\n<td>\n<h3 style=\"text-align: left;\"><span style=\"color: #265ff4;\"><b>La formazione<\/b><\/span><\/h3>\n<\/td>\n<\/tr>\n<\/tbody>\n<\/table>\n<p><a href=\"https:\/\/www.vipverbano.it\/wp-content\/uploads\/2014\/02\/uniti4.png\"><img loading=\"lazy\" decoding=\"async\" class=\"size-full wp-image-1351 alignright\" style=\"margin: 10px;\" alt=\"uniti4\" src=\"https:\/\/www.vipverbano.it\/wp-content\/uploads\/2014\/02\/uniti4.png\" width=\"300\" height=\"125\" \/><\/a><\/p>\n<p style=\"text-align: justify;\" align=\"right\">Essere un volontario Vip clown comporta il ricevere una formazione di base uniforme, che ci permette di acquisire la stessa competenza necessaria per il servizio in qualunque parte d\u2019Italia. La nostra formazione continua con un allenamento costante. La formazione che riceviamo parte dal gioco per agire sulla mente, sul corpo e sullo spirito. Coltiviamo lo spirito clown, sviluppiamo competenze tecniche ed artistiche, emozioni positive e qualit\u00e0 come l\u2019accettazione, l\u2019accoglienza la condivisione, l\u2019ascolto, la sintonia. La conoscenza e l\u2019esperienza si moltiplicano quando vengono condivise, ci trasformano e, una volta acquisite, diventano un bagaglio personale che non si pu\u00f2 pi\u00f9 smarrire.<\/p>\n<h3 style=\"text-align: justify;\" align=\"right\"><span style=\"color: #d7e700;\"><b><a href=\"https:\/\/www.vipverbano.it\/wp-content\/uploads\/2014\/02\/volontariato2.png\"><img loading=\"lazy\" decoding=\"async\" class=\"alignleft size-full wp-image-1353\" alt=\"volontariato2\" src=\"https:\/\/www.vipverbano.it\/wp-content\/uploads\/2014\/02\/volontariato2.png\" width=\"300\" height=\"206\" \/><\/a>Il volontariato<\/b><\/span><\/h3>\n<p style=\"text-align: justify;\" align=\"right\">Se si considera che Vip \u00e8 nata per diffondere il pi\u00f9 possibile la gioia e il vivere in positivo si comprende come per noi il volontariato abbia un grande valore. Chi opera come volontario clown Vip, oltre al servizio che rende, porta in s\u00e9 e testimonia gli ideali di Fratellanza, di Solidariet\u00e0 e di Gratuit\u00e0 e di questi si pone come esempio, trasmettendoli. Per noi essere volontari vuol dire \u201ccamminare insieme\u201d rafforzando strada facendo tra noi e verso coloro a cui ci rivolgiamo, la gioia e gli ideali che ci accomunano.<\/p>\n<h3 style=\"text-align: justify;\" align=\"left\"><span style=\"color: #ff0000;\"><b><a href=\"https:\/\/www.vipverbano.it\/wp-content\/uploads\/2014\/02\/servizio.png\"><img loading=\"lazy\" decoding=\"async\" class=\"size-full wp-image-1349 alignright\" alt=\"servizio\" src=\"https:\/\/www.vipverbano.it\/wp-content\/uploads\/2014\/02\/servizio.png\" width=\"300\" height=\"200\" \/><\/a>Il servizio clown<\/b><\/span><\/h3>\n<p style=\"text-align: justify;\" align=\"left\">Creando un mondo di fantasia il clown trasforma gli ambienti colorandoli e risvegliando in chi incontra la creativit\u00e0 e la speranza necessarie per reagire alla sofferenza, al degrado, alla malattia, alla solitudine. Il servizio clown per noi \u00e8 un momento di allegria: la nostra missione \u00e8 portare gioia dove si vive un disagio. Con il nostro personaggio clown diventiamo noi stessi bambini, ci divertiamo, giochiamo, ridiamo, piangiamo, cantiamo e creiamo magie, interagiamo e stabiliamo da subito relazioni amicali.<\/p>\n<h3 style=\"text-align: justify;\" align=\"right\"><span style=\"color: #7c00d0;\"><b><a href=\"https:\/\/www.vipverbano.it\/wp-content\/uploads\/2014\/02\/esempio2.png\"><img loading=\"lazy\" decoding=\"async\" class=\"alignleft size-full wp-image-1348\" alt=\"esempio2\" src=\"https:\/\/www.vipverbano.it\/wp-content\/uploads\/2014\/02\/esempio2.png\" width=\"300\" height=\"253\" \/><\/a>L\u2019esempio<\/b><\/span><\/h3>\n<p style=\"text-align: justify;\" align=\"right\">Qualunque nostro comportamento costituisce sempre un esempio che diamo a chi ci \u00e8 vicino e questa \u00e8 una responsabilit\u00e0, verso noi stessi e gli altri. Quando agiamo come volontari clown Vip e quindi rappresentanti della filosofia \u201cViviamoInPositivo\u201d ci impegniamo in modo particolare ad essere coerenti con essa. Il clown Vip ha la responsabilit\u00e0 di essere un esempio di vita positiva, e in servizio usa un linguaggio positivo, non fuma, non beve<\/p>\n","protected":false},"excerpt":{"rendered":"<p>Vogliamo qui definire quali sono i valori che noi, volontari e operatori Vip, riconosciamo e siamo impegnati a perseguire, sostenere e diffondere con il nostro servizio. ViviamoInPositivo Affrontare insieme la vita accettandola in ogni suo aspetto. ViviamoInPositivo vuol dire apprendere, realizzare in noi e portare ad altri quanto pu\u00f2 aiutare a vivere meglio. Uniti per<\/p>\n","protected":false},"author":1,"featured_media":0,"parent":52,"menu_order":1,"comment_status":"closed","ping_status":"closed","template":"","meta":{"ngg_post_thumbnail":0,"footnotes":""},"class_list":["post-56","page","type-page","status-publish","hentry"],"yoast_head":"<!-- This site is optimized with the Yoast SEO plugin v25.6 - https:\/\/yoast.com\/wordpress\/plugins\/seo\/ -->\n<title>VALORI VIP - VIP Verbano<\/title>\n<meta name=\"robots\" content=\"index, follow, max-snippet:-1, max-image-preview:large, max-video-preview:-1\" \/>\n<link rel=\"canonical\" href=\"https:\/\/www.vipverbano.it\/?page_id=56\" \/>\n<meta property=\"og:locale\" content=\"it_IT\" \/>\n<meta property=\"og:type\" content=\"article\" \/>\n<meta property=\"og:title\" content=\"VALORI VIP - VIP Verbano\" \/>\n<meta property=\"og:description\" content=\"Vogliamo qui definire quali sono i valori che noi, volontari e operatori Vip, riconosciamo e siamo impegnati a perseguire, sostenere e diffondere con il nostro servizio. ViviamoInPositivo Affrontare insieme la vita accettandola in ogni suo aspetto. ViviamoInPositivo vuol dire apprendere, realizzare in noi e portare ad altri quanto pu\u00f2 aiutare a vivere meglio. Uniti per\" \/>\n<meta property=\"og:url\" content=\"https:\/\/www.vipverbano.it\/?page_id=56\" \/>\n<meta property=\"og:site_name\" content=\"VIP Verbano\" \/>\n<meta property=\"article:modified_time\" content=\"2014-03-13T22:55:44+00:00\" \/>\n<meta property=\"og:image\" content=\"http:\/\/www.vipverbano.it\/wp-content\/uploads\/2014\/02\/vip.png\" \/>\n<meta name=\"twitter:label1\" content=\"Tempo di lettura stimato\" \/>\n\t<meta name=\"twitter:data1\" content=\"3 minuti\" \/>\n<script type=\"application\/ld+json\" class=\"yoast-schema-graph\">{\"@context\":\"https:\/\/schema.org\",\"@graph\":[{\"@type\":\"WebPage\",\"@id\":\"https:\/\/www.vipverbano.it\/?page_id=56\",\"url\":\"https:\/\/www.vipverbano.it\/?page_id=56\",\"name\":\"VALORI VIP - VIP Verbano\",\"isPartOf\":{\"@id\":\"https:\/\/www.vipverbano.it\/#website\"},\"primaryImageOfPage\":{\"@id\":\"https:\/\/www.vipverbano.it\/?page_id=56#primaryimage\"},\"image\":{\"@id\":\"https:\/\/www.vipverbano.it\/?page_id=56#primaryimage\"},\"thumbnailUrl\":\"http:\/\/www.vipverbano.it\/wp-content\/uploads\/2014\/02\/vip.png\",\"datePublished\":\"2014-01-26T18:32:34+00:00\",\"dateModified\":\"2014-03-13T22:55:44+00:00\",\"breadcrumb\":{\"@id\":\"https:\/\/www.vipverbano.it\/?page_id=56#breadcrumb\"},\"inLanguage\":\"it-IT\",\"potentialAction\":[{\"@type\":\"ReadAction\",\"target\":[\"https:\/\/www.vipverbano.it\/?page_id=56\"]}]},{\"@type\":\"ImageObject\",\"inLanguage\":\"it-IT\",\"@id\":\"https:\/\/www.vipverbano.it\/?page_id=56#primaryimage\",\"url\":\"http:\/\/www.vipverbano.it\/wp-content\/uploads\/2014\/02\/vip.png\",\"contentUrl\":\"http:\/\/www.vipverbano.it\/wp-content\/uploads\/2014\/02\/vip.png\"},{\"@type\":\"BreadcrumbList\",\"@id\":\"https:\/\/www.vipverbano.it\/?page_id=56#breadcrumb\",\"itemListElement\":[{\"@type\":\"ListItem\",\"position\":1,\"name\":\"Home\",\"item\":\"https:\/\/www.vipverbano.it\/\"},{\"@type\":\"ListItem\",\"position\":2,\"name\":\"L&#8217;ASSOCIAZIONE\",\"item\":\"https:\/\/www.vipverbano.it\/?page_id=52\"},{\"@type\":\"ListItem\",\"position\":3,\"name\":\"VALORI VIP\"}]},{\"@type\":\"WebSite\",\"@id\":\"https:\/\/www.vipverbano.it\/#website\",\"url\":\"https:\/\/www.vipverbano.it\/\",\"name\":\"VIP Verbano\",\"description\":\"chi non sa ridere non \u00e8 una persona seria\",\"potentialAction\":[{\"@type\":\"SearchAction\",\"target\":{\"@type\":\"EntryPoint\",\"urlTemplate\":\"https:\/\/www.vipverbano.it\/?s={search_term_string}\"},\"query-input\":{\"@type\":\"PropertyValueSpecification\",\"valueRequired\":true,\"valueName\":\"search_term_string\"}}],\"inLanguage\":\"it-IT\"}]}<\/script>\n<!-- \/ Yoast SEO plugin. -->","yoast_head_json":{"title":"VALORI VIP - VIP Verbano","robots":{"index":"index","follow":"follow","max-snippet":"max-snippet:-1","max-image-preview":"max-image-preview:large","max-video-preview":"max-video-preview:-1"},"canonical":"https:\/\/www.vipverbano.it\/?page_id=56","og_locale":"it_IT","og_type":"article","og_title":"VALORI VIP - VIP Verbano","og_description":"Vogliamo qui definire quali sono i valori che noi, volontari e operatori Vip, riconosciamo e siamo impegnati a perseguire, sostenere e diffondere con il nostro servizio. ViviamoInPositivo Affrontare insieme la vita accettandola in ogni suo aspetto. ViviamoInPositivo vuol dire apprendere, realizzare in noi e portare ad altri quanto pu\u00f2 aiutare a vivere meglio. Uniti per","og_url":"https:\/\/www.vipverbano.it\/?page_id=56","og_site_name":"VIP Verbano","article_modified_time":"2014-03-13T22:55:44+00:00","og_image":[{"url":"http:\/\/www.vipverbano.it\/wp-content\/uploads\/2014\/02\/vip.png","type":"","width":"","height":""}],"twitter_misc":{"Tempo di lettura stimato":"3 minuti"},"schema":{"@context":"https:\/\/schema.org","@graph":[{"@type":"WebPage","@id":"https:\/\/www.vipverbano.it\/?page_id=56","url":"https:\/\/www.vipverbano.it\/?page_id=56","name":"VALORI VIP - VIP Verbano","isPartOf":{"@id":"https:\/\/www.vipverbano.it\/#website"},"primaryImageOfPage":{"@id":"https:\/\/www.vipverbano.it\/?page_id=56#primaryimage"},"image":{"@id":"https:\/\/www.vipverbano.it\/?page_id=56#primaryimage"},"thumbnailUrl":"http:\/\/www.vipverbano.it\/wp-content\/uploads\/2014\/02\/vip.png","datePublished":"2014-01-26T18:32:34+00:00","dateModified":"2014-03-13T22:55:44+00:00","breadcrumb":{"@id":"https:\/\/www.vipverbano.it\/?page_id=56#breadcrumb"},"inLanguage":"it-IT","potentialAction":[{"@type":"ReadAction","target":["https:\/\/www.vipverbano.it\/?page_id=56"]}]},{"@type":"ImageObject","inLanguage":"it-IT","@id":"https:\/\/www.vipverbano.it\/?page_id=56#primaryimage","url":"http:\/\/www.vipverbano.it\/wp-content\/uploads\/2014\/02\/vip.png","contentUrl":"http:\/\/www.vipverbano.it\/wp-content\/uploads\/2014\/02\/vip.png"},{"@type":"BreadcrumbList","@id":"https:\/\/www.vipverbano.it\/?page_id=56#breadcrumb","itemListElement":[{"@type":"ListItem","position":1,"name":"Home","item":"https:\/\/www.vipverbano.it\/"},{"@type":"ListItem","position":2,"name":"L&#8217;ASSOCIAZIONE","item":"https:\/\/www.vipverbano.it\/?page_id=52"},{"@type":"ListItem","position":3,"name":"VALORI VIP"}]},{"@type":"WebSite","@id":"https:\/\/www.vipverbano.it\/#website","url":"https:\/\/www.vipverbano.it\/","name":"VIP Verbano","description":"chi non sa ridere non \u00e8 una persona seria","potentialAction":[{"@type":"SearchAction","target":{"@type":"EntryPoint","urlTemplate":"https:\/\/www.vipverbano.it\/?s={search_term_string}"},"query-input":{"@type":"PropertyValueSpecification","valueRequired":true,"valueName":"search_term_string"}}],"inLanguage":"it-IT"}]}},"_links":{"self":[{"href":"https:\/\/www.vipverbano.it\/index.php?rest_route=\/wp\/v2\/pages\/56"}],"collection":[{"href":"https:\/\/www.vipverbano.it\/index.php?rest_route=\/wp\/v2\/pages"}],"about":[{"href":"https:\/\/www.vipverbano.it\/index.php?rest_route=\/wp\/v2\/types\/page"}],"author":[{"embeddable":true,"href":"https:\/\/www.vipverbano.it\/index.php?rest_route=\/wp\/v2\/users\/1"}],"replies":[{"embeddable":true,"href":"https:\/\/www.vipverbano.it\/index.php?rest_route=%2Fwp%2Fv2%2Fcomments&post=56"}],"version-history":[{"count":23,"href":"https:\/\/www.vipverbano.it\/index.php?rest_route=\/wp\/v2\/pages\/56\/revisions"}],"predecessor-version":[{"id":1489,"href":"https:\/\/www.vipverbano.it\/index.php?rest_route=\/wp\/v2\/pages\/56\/revisions\/1489"}],"up":[{"embeddable":true,"href":"https:\/\/www.vipverbano.it\/index.php?rest_route=\/wp\/v2\/pages\/52"}],"wp:attachment":[{"href":"https:\/\/www.vipverbano.it\/index.php?rest_route=%2Fwp%2Fv2%2Fmedia&parent=56"}],"curies":[{"name":"wp","href":"https:\/\/api.w.org\/{rel}","templated":true}]}}